{"id":13,"date":"2024-03-08T16:43:09","date_gmt":"2024-03-08T16:43:09","guid":{"rendered":"https:\/\/clinicaltrialeducation.com\/?page_id=13"},"modified":"2024-07-01T12:50:12","modified_gmt":"2024-07-01T16:50:12","slug":"home","status":"publish","type":"page","link":"https:\/\/clinicaltrialeducation.com\/es\/","title":{"rendered":"Inicio"},"content":{"rendered":"<section id=\"section-5-13\" class=\"ct-section home-banner\" ><div class=\"ct-section-inner-wrap\"><div id=\"div_block-120-13\" class=\"ct-div-block home-banner__wrapper\" ><h1 id=\"headline-8-13\" class=\"ct-headline home-banner__txt\">Los ensayos cl\u00ednicos son vitales para avanzar en\nla investigaci\u00f3n m\u00e9dica, desarrollar nuevos\ntratamientos, garantizar la seguridad del\npaciente y, en \u00faltima instancia, mejorar la\ncalidad de la atenci\u00f3n m\u00e9dica.<\/h1><div id=\"div_block-115-13\" class=\"ct-div-block home-banner__btn-wrapper\" ><a id=\"link_button-114-13\" class=\"ct-link-button home-videos__btn\" href=\"https:\/\/clinicaltrialeducation.com\/es\/contact\/\"   >Consulte por una prueba<\/a><a id=\"link-119-13\" class=\"ct-link home-banner__btn-wrapper-link\" href=\"https:\/\/clinicaltrialeducation.com\/es\/contact\/\"   ><img decoding=\"async\"  id=\"image-116-13\" alt=\"Illustration of a button with the image of two test tubes\" src=\"https:\/\/clinicaltrialeducation.com\/wp-content\/uploads\/2024\/04\/OBJECTS.svg\" class=\"ct-image\" srcset-disabled=\"\" sizes=\"(max-width: 0px) 100vw, 0px\" \/><\/a><\/div><\/div><\/div><\/section><section id=\"section-7-13\" class=\"ct-section home-videos\" ><div class=\"ct-section-inner-wrap\"><div id=\"div_block-10-13\" class=\"ct-div-block home-videos__heading\" ><h2 id=\"headline-19-13\" class=\"ct-headline\">Conozca nuestros principales estudios<\/h2><div id=\"fancy_icon-13-13\" class=\"ct-fancy-icon home-videos__heading-icon\" ><svg id=\"svg-fancy_icon-13-13\"><use xlink:href=\"#FontAwesomeicon-chevron-down\"><\/use><\/svg><\/div><\/div><div id=\"new_columns-15-13\" class=\"ct-new-columns\" ><div id=\"div_block-17-13\" class=\"ct-div-block\" ><h3 id=\"headline-150-13\" class=\"ct-headline heading-h3\">Orientaci\u00f3n para BRCA 1 y 2 <br><\/h3><div id=\"text_block-152-13\" class=\"ct-text-block paragraph\" >Una vez que a una mujer se le diagnostica una\nmutaci\u00f3n BRCA 1 o 2, \u00bfc\u00f3mo podemos ayudarla\na actuar en funci\u00f3n de esos resultados y cumplir\ncon las pautas de detecci\u00f3n y los procedimientos\nde reducci\u00f3n de riesgos adecuados?<\/div><a id=\"link_button-108-13\" class=\"ct-link-button home-videos__btn\" href=\"#\"   >M\u00e1s informaci\u00f3n<\/a><\/div><div id=\"div_block-16-13\" class=\"ct-div-block home-videos__columns-video\" ><link rel='stylesheet' id='oxygen-unslider-css'  href='https:\/\/clinicaltrialeducation.com\/wp-content\/plugins\/oxygen\/component-framework\/vendor\/unslider\/unslider.css' type='text\/css' media='all'\/><div id=\"slider-157-13\" class=\"ct-slider ct_unique_slider_8475\" ><div class=\"oxygen-unslider-container\"><ul><li><div id=\"slide-158-13\" class=\"ct-slide\" ><div id=\"video-159-13\" class=\"ct-video\" >\n        \t\t<div class=\"oxygen-vsb-responsive-video-wrapper oxygen-vsb-responsive-video-wrapper-custom\"><iframe src=\"https:\/\/player.vimeo.com\/video\/1023354091?h=70b08dd100&amp;title=0&amp;byline=0&amp;portrait=0&amp;badge=0&amp;autopause=0&amp;player_id=0&amp;app_id=58479\" frameborder=\"0\" allow=\"autoplay; fullscreen; picture-in-picture; clipboard-write\" style=\"position:absolute;top:0;left:0;width:100%;height:100%;\" title=\"SP_1 - Cancer Risk Associated with BRCA 1 - OCT 2024-1080p-241024\"><\/iframe><script src=\"https:\/\/player.vimeo.com\/api\/player.js\"><\/script><\/div>\n\t\t        <\/div><\/div><\/li><li><div id=\"slide-160-13\" class=\"ct-slide\" ><div id=\"video-161-13\" class=\"ct-video\" >\n        \t\t<div class=\"oxygen-vsb-responsive-video-wrapper oxygen-vsb-responsive-video-wrapper-custom\"><iframe src=\"https:\/\/player.vimeo.com\/video\/1023354048?h=32cffae958&amp;title=0&amp;byline=0&amp;portrait=0&amp;badge=0&amp;autopause=0&amp;player_id=0&amp;app_id=58479\" frameborder=\"0\" allow=\"autoplay; fullscreen; picture-in-picture; clipboard-write\" style=\"position:absolute;top:0;left:0;width:100%;height:100%;\" title=\"SP_2 - Cancer Risk Associated with BRCA 1 - OCT 2024-1080p-241024.mp4\"><\/iframe><script src=\"https:\/\/player.vimeo.com\/api\/player.js\"><\/script><\/div>\n\t\t        <\/div><\/div><\/li><li><div id=\"slide-162-13\" class=\"ct-slide\" ><div id=\"video-163-13\" class=\"ct-video\" >\n        \t\t<div class=\"oxygen-vsb-responsive-video-wrapper oxygen-vsb-responsive-video-wrapper-custom\"><iframe src=\"https:\/\/player.vimeo.com\/video\/1023354073?h=6631946d48&amp;title=0&amp;byline=0&amp;portrait=0&amp;badge=0&amp;autopause=0&amp;player_id=0&amp;app_id=58479\" frameborder=\"0\" allow=\"autoplay; fullscreen; picture-in-picture; clipboard-write\" style=\"position:absolute;top:0;left:0;width:100%;height:100%;\" title=\"SP_3 - Cancer Risk Associated with BRCA 1 - OCT 24-1080p-241024.mp4\"><\/iframe><script src=\"https:\/\/player.vimeo.com\/api\/player.js\"><\/script><\/div>\n\t\t        <\/div><\/div><\/li><\/ul><\/div><\/div><script class=\"ct-slider-script\">jQuery(document).ready(function($){$('#slider-157-13.ct_unique_slider_8475 .oxygen-unslider-container:not(.unslider-horizontal,.unslider-fade)').unslider({autoplay: false, delay: 3000, animation: 'horizontal', speed : 750, arrows: true, nav: true, infinite: false})});<\/script><\/div><\/div><div id=\"new_columns-137-13\" class=\"ct-new-columns\" ><div id=\"div_block-138-13\" class=\"ct-div-block\" ><h3 id=\"headline-139-13\" class=\"ct-headline heading-h3\">Ayude al sistema inmunol\u00f3gico del cuerpo a\ncombatir las c\u00e9lulas cancerosas<br><\/h3><div id=\"text_block-140-13\" class=\"ct-text-block paragraph\" >El protocolo del estudio MRD es la\ninmunoterapia que se puede combinar con un\nf\u00e1rmaco de quimioterapia est\u00e1ndar, logrando\npotencialmente mejores resultados cl\u00ednicos que\nel tratamiento tradicional para personas que\nluchan contra el c\u00e1ncer de ovario.<br><\/div><a id=\"link_button-141-13\" class=\"ct-link-button home-videos__btn\" href=\"https:\/\/clinicaltrialeducation.com\/es\/trials\/imnn-001\/\"   >M\u00e1s informaci\u00f3n<\/a><\/div><div id=\"div_block-142-13\" class=\"ct-div-block home-videos__columns-video\" ><link rel='stylesheet' id='oxygen-unslider-css'  href='https:\/\/clinicaltrialeducation.com\/wp-content\/plugins\/oxygen\/component-framework\/vendor\/unslider\/unslider.css' type='text\/css' media='all'\/><div id=\"slider-143-13\" class=\"ct-slider ct_unique_slider_7199\" ><div class=\"oxygen-unslider-container\"><ul><li><div id=\"slide-144-13\" class=\"ct-slide\" ><div id=\"video-145-13\" class=\"ct-video\" >\n        \t\t<div class=\"oxygen-vsb-responsive-video-wrapper oxygen-vsb-responsive-video-wrapper-custom\"><iframe src=\"https:\/\/player.vimeo.com\/video\/926950930?h=85ee47972b&amp;badge=0&amp;autopause=0&amp;player_id=0&amp;app_id=58479\" frameborder=\"0\" allow=\"autoplay; fullscreen; picture-in-picture; clipboard-write\" style=\"position:absolute;top:0;left:0;width:100%;height:100%;\" title=\"EN - IMNN-001 STUDY- MAR 2024\"><\/iframe><\/div>\n\t\t        <\/div><\/div><\/li><li><div id=\"slide-146-13\" class=\"ct-slide\" ><div id=\"video-147-13\" class=\"ct-video\" >\n        \t\t<div class=\"oxygen-vsb-responsive-video-wrapper oxygen-vsb-responsive-video-wrapper-custom\"><iframe src=\"https:\/\/player.vimeo.com\/video\/947534365?h=9059372855&amp;badge=0&amp;autopause=0&amp;player_id=0&amp;app_id=58479\" frameborder=\"0\" allow=\"autoplay; fullscreen; picture-in-picture; clipboard-write\" style=\"position:absolute;top:0;left:0;width:100%;height:100%;\" title=\"2 - MRD STUDY-1080p-240516\"><\/iframe><\/div>\n\t\t        <\/div><\/div><\/li><li><div id=\"slide-148-13\" class=\"ct-slide\" ><div id=\"video-149-13\" class=\"ct-video\" >\n        \t\t<div class=\"oxygen-vsb-responsive-video-wrapper oxygen-vsb-responsive-video-wrapper-custom\"><iframe src=\"https:\/\/player.vimeo.com\/video\/947536269?h=0d2c13b346&amp;badge=0&amp;autopause=0&amp;player_id=0&amp;app_id=58479\" frameborder=\"0\" allow=\"autoplay; fullscreen; picture-in-picture; clipboard-write\" style=\"position:absolute;top:0;left:0;width:100%;height:100%;\" title=\"3 - MRD  STUDY-1080p-240516\"><\/iframe><\/div>\n\t\t        <\/div><\/div><\/li><\/ul><\/div><\/div><script class=\"ct-slider-script\">jQuery(document).ready(function($){$('#slider-143-13.ct_unique_slider_7199 .oxygen-unslider-container:not(.unslider-horizontal,.unslider-fade)').unslider({autoplay: false, delay: 3000, animation: 'horizontal', speed : 750, arrows: true, nav: true, infinite: false})});<\/script><\/div><\/div><div id=\"div_block-55-13\" class=\"ct-div-block home-videos__columns-wrapper\" ><div id=\"new_columns-24-13\" class=\"ct-new-columns\" ><div id=\"div_block-25-13\" class=\"ct-div-block\" ><h3 id=\"headline-26-13\" class=\"ct-headline heading-h3\">Una nueva esperanza para las pacientes con\ncarcinoma de c\u00e9lulas claras de ovario<br><\/h3><div id=\"text_block-27-13\" class=\"ct-text-block paragraph\" >Se necesitan opciones de tratamiento para las\npacientes con carcinoma de c\u00e9lulas claras de\novario, ya que la quimioterapia tradicional tiene\nuna tasa de respuesta baja para el carcinoma de\nc\u00e9lulas claras de ovario.<\/div><a id=\"link_button-110-13\" class=\"ct-link-button home-videos__btn\" href=\"https:\/\/clinicaltrialeducation.com\/es\/trials\/occ\/\"   >M\u00e1s informaci\u00f3n<\/a><\/div><div id=\"div_block-28-13\" class=\"ct-div-block\" ><div id=\"video-153-13\" class=\"ct-video\" >\n        \t\t<div class=\"oxygen-vsb-responsive-video-wrapper oxygen-vsb-responsive-video-wrapper-custom\"><div><iframe src=\"https:\/\/player.vimeo.com\/video\/1021052536?h=2041c375a5&amp;title=0&amp;byline=0&amp;portrait=0&amp;badge=0&amp;autopause=0&amp;player_id=0&amp;app_id=58479\" frameborder=\"0\" allow=\"autoplay; fullscreen; picture-in-picture; clipboard-write\" style=\"position:absolute;top:0;left:0;width:100%;height:100%;\" title=\"SP - OCCC Study - MAY 2024-1080p-241018\"><\/iframe><\/div><script src=\"https:\/\/player.vimeo.com\/api\/player.js\"><\/script><\/div>\n\t\t        <\/div><\/div><\/div><\/div><div id=\"new_columns-30-13\" class=\"ct-new-columns\" ><div id=\"div_block-31-13\" class=\"ct-div-block\" ><h3 id=\"headline-32-13\" class=\"ct-headline heading-h3\">Inf\u00f3rmese a tiempo: calcule las posibilidades de\ndesarrollar c\u00e1ncer<br><\/h3><div id=\"text_block-33-13\" class=\"ct-text-block paragraph\" >El estudio Ignite-TX se centra en aumentar las\npruebas gen\u00e9ticas entre familias que\npotencialmente padecen s\u00edndromes de c\u00e1ncer hereditario. Conozca esta investigaci\u00f3n que\nsalva vidas. <br><\/div><a id=\"link_button-111-13\" class=\"ct-link-button home-videos__btn\" href=\"https:\/\/clinicaltrialeducation.com\/es\/trials\/ignite-tx\/\"   >M\u00e1s informaci\u00f3n<\/a><\/div><div id=\"div_block-34-13\" class=\"ct-div-block\" ><div id=\"video-156-13\" class=\"ct-video\" >\n        \t\t<div class=\"oxygen-vsb-responsive-video-wrapper oxygen-vsb-responsive-video-wrapper-custom\"><div><iframe src=\"https:\/\/player.vimeo.com\/video\/909741469?h=4cb7429cc7&amp;badge=0&amp;autopause=0&amp;player_id=0&amp;app_id=58479\" frameborder=\"0\" allow=\"autoplay; fullscreen; picture-in-picture; clipboard-write\" style=\"position:absolute;top:0;left:0;width:100%;height:100%;\" title=\"NEW - 1 IGNITE-TX Study - ES - January 2024 (Copy)-1080p-240204\"><\/iframe><\/div><script src=\"https:\/\/player.vimeo.com\/api\/player.js\"><\/script><\/div>\n\t\t        <\/div><\/div><\/div><div id=\"div_block-56-13\" class=\"ct-div-block home-videos__columns-wrapper\" ><div id=\"new_columns-36-13\" class=\"ct-new-columns\" ><div id=\"div_block-37-13\" class=\"ct-div-block\" ><h3 id=\"headline-38-13\" class=\"ct-headline heading-h3\">Boost the immune system to fight cancer cells<br><\/h3><div id=\"text_block-39-13\" class=\"ct-text-block paragraph\" >Immunotherapy for patients with advanced or recurrent cervical cancer is a major advance in treatment. The TRACTION study aims to offer a novel immunotherapy agent early in the patient treatment course and is uniquely offered in Houston at MD Anderson Cancer Center and Lyndon B. Johnson General Hospital.<br><\/div><a id=\"link_button-112-13\" class=\"ct-link-button home-videos__btn\" href=\"https:\/\/clinicaltrialeducation.com\/es\/trials\/traction\/\"   >M\u00e1s informaci\u00f3n<\/a><\/div><div id=\"div_block-40-13\" class=\"ct-div-block\" ><div id=\"video-155-13\" class=\"ct-video\" >\n        \t\t<div class=\"oxygen-vsb-responsive-video-wrapper oxygen-vsb-responsive-video-wrapper-custom\"><div><iframe src=\"https:\/\/player.vimeo.com\/video\/1021058618?h=4a33477b67&amp;badge=0&amp;autopause=0&amp;player_id=0&amp;app_id=58479\" frameborder=\"0\" allow=\"autoplay; fullscreen; picture-in-picture; clipboard-write\" style=\"position:absolute;top:0;left:0;width:100%;height:100%;\" title=\"SP - TRACTION - OCT 2024-1080p-241011_V6\"><\/iframe><\/div><script src=\"https:\/\/player.vimeo.com\/api\/player.js\"><\/script><\/div>\n\t\t        <\/div><\/div><\/div><\/div><div id=\"new_columns-42-13\" class=\"ct-new-columns\" ><div id=\"div_block-43-13\" class=\"ct-div-block\" ><h3 id=\"headline-44-13\" class=\"ct-headline heading-h3\">Mejora la calidad de vida de las pacientes con\nc\u00e1ncer de ovario<br><\/h3><div id=\"text_block-45-13\" class=\"ct-text-block paragraph\" >La cirug\u00eda m\u00ednimamente invasiva puede ofrecer beneficios potenciales a las mujeres que se\nenfrentan a un c\u00e1ncer de ovario avanzado: eso es lo que busca demostrar el estudio LANCE<br><\/div><a id=\"link_button-113-13\" class=\"ct-link-button home-videos__btn\" href=\"https:\/\/clinicaltrialeducation.com\/es\/trials\/lance\/\"   >M\u00e1s informaci\u00f3n<\/a><\/div><div id=\"div_block-46-13\" class=\"ct-div-block\" ><div id=\"video-154-13\" class=\"ct-video\" >\n        \t\t<div class=\"oxygen-vsb-responsive-video-wrapper oxygen-vsb-responsive-video-wrapper-custom\"><div><iframe src=\"https:\/\/player.vimeo.com\/video\/1021056684?h=f56f982a72&amp;badge=0&amp;autopause=0&amp;player_id=0&amp;app_id=58479\" frameborder=\"0\" allow=\"autoplay; fullscreen; picture-in-picture; clipboard-write\" style=\"position:absolute;top:0;left:0;width:100%;height:100%;\" title=\"SP - Lance Study - New Script - August 2024-1080p-241018 (1)\"><\/iframe><\/div><script src=\"https:\/\/player.vimeo.com\/api\/player.js\"><\/script><\/div>\n\t\t        <\/div><\/div><\/div><\/div><\/section><section id=\"section-48-13\" class=\"ct-section home-about\" ><div class=\"ct-section-inner-wrap\"><div id=\"new_columns-49-13\" class=\"ct-new-columns home-about__columns\" ><div id=\"div_block-50-13\" class=\"ct-div-block home-about__columns-imgs\" ><style>\/* FLEX GALLERY *\/\n\n.oxy-gallery.oxy-gallery-flex {\n\tdisplay: flex;\n\tflex-direction: row;\n\tflex-wrap: wrap;\n\tjustify-content: center;\n}\n\n.oxy-gallery-flex .oxy-gallery-item {\n\toverflow: hidden;\n\tflex: auto;\n\n}\n\n.oxy-gallery-flex .oxy-gallery-item-sizer {\n\tposition: relative;\n}\n\n.oxy-gallery-flex .oxy-gallery-item-contents {\n\tposition: absolute;\n\ttop: 0; bottom: 0; left: 0; right: 0;\n\tbackground-size: cover;\n\tmargin: 0;\n}\n\n.oxy-gallery-flex .oxy-gallery-item-contents img {\n\twidth: 100%;\n\theight: 100%;\n\topacity: 0;\n}\n\n\n\n\/* MASONRY GALLERY *\/\n\n.oxy-gallery.oxy-gallery-masonry {\n\tdisplay: block;\n\toverflow: auto;\n}\n\n.oxy-gallery-masonry .oxy-gallery-item {\n\tbreak-inside: avoid;\n\tdisplay: block;\n\tline-height: 0;\n\tposition: relative;\n}\n\n.oxy-gallery-masonry figure.oxy-gallery-item-contents {\n\tmargin: 0;\n}\n\n.oxy-gallery-masonry .oxy-gallery-item .oxy-gallery-item-contents img {\n\tmax-width: 100%;\n}\n\n.oxy-gallery-masonry .oxy-gallery-item .oxy-gallery-item-contents figcaption {\n\tdisplay: none;\n}\n\n\/* GRID GALLERY *\/\n.oxy-gallery-grid .oxy-gallery-item {\n\toverflow: hidden;\n\tflex: auto;\n\tposition: relative;\n}\n\n.oxy-gallery-grid .oxy-gallery-item-contents {\n\tmargin: 0;\n}\n\n.oxy-gallery-grid .oxy-gallery-item-contents img {\n\twidth: 100%;\n\theight: auto;\n}\n\n.oxy-gallery-grid .oxy-gallery-item .oxy-gallery-item-contents figcaption {\n\tdisplay: none;\n}<\/style><style data-element-id=\"#_gallery-52-13\">                #_gallery-52-13.oxy-gallery.oxy-gallery-masonry {\n                    column-width: px;\n                    column-count: 2;\n                    column-gap: 15px;\n                }\n\n                #_gallery-52-13.oxy-gallery-masonry .oxy-gallery-item {\n                    margin-bottom: 15px;\n                }\n        \n            #_gallery-52-13.oxy-gallery-captions .oxy-gallery-item .oxy-gallery-item-contents figcaption:not(:empty) {\n                position: absolute;\n                bottom: 0;\n                left: 0;\n                right: 0;\n                background-color: rgba(0,0,0,0.75); \/* caption background color *\/\n                padding: 1em;\n                color: #ffffff;  \/* caption text color *\/\n                font-weight: bold;\n                -webkit-font-smoothing: antialiased;\n                font-size: 1em;\n                text-align: center;\n                line-height: var(--oxy-small-line-height);\n                \/*pointer-events: none;*\/\n                transition: 0.3s ease-in-out opacity;\n                display: block;\n            }\n\n        \n            #_gallery-52-13.oxy-gallery-captions .oxy-gallery-item .oxy-gallery-item-contents figcaption:not(:empty) {\n                opacity: 1;\n            }\n\n                    \n            \/* hover effects *\/\n            #_gallery-52-13.oxy-gallery .oxy-gallery-item {\n              opacity: ;\n              transition: 0.3s ease-in-out opacity;\n            }\n\n            #_gallery-52-13.oxy-gallery .oxy-gallery-item:hover {\n              opacity: ;\n            }\n\n        <\/style>        <div id=\"_gallery-52-13\" class=\"oxy-gallery oxy-gallery-masonry\" >\n        \n                \n                    <div class='oxy-gallery-item'>\n\n                        <figure class='oxy-gallery-item-contents'>\n\n                            <img decoding=\"async\" loading=\"lazy\" src=\"https:\/\/clinicaltrialeducation.com\/wp-content\/uploads\/2024\/03\/1.png\" data-original-src=\"https:\/\/clinicaltrialeducation.com\/wp-content\/uploads\/2024\/03\/1.png\" data-original-src-width=\"1024\" data-original-src-height=\"1024\" alt=\"\">\n                            <figcaption><\/figcaption>\n\n                        <\/figure>\n\n                    <\/div>\n\n                \n                    <div class='oxy-gallery-item'>\n\n                        <figure class='oxy-gallery-item-contents'>\n\n                            <img decoding=\"async\" loading=\"lazy\" src=\"https:\/\/clinicaltrialeducation.com\/wp-content\/uploads\/2024\/03\/lab-doctor-performing-medical-exam-urine-scaled.jpg\" data-original-src=\"https:\/\/clinicaltrialeducation.com\/wp-content\/uploads\/2024\/03\/lab-doctor-performing-medical-exam-urine-scaled.jpg\" data-original-src-width=\"1828\" data-original-src-height=\"2560\" alt=\"\">\n                            <figcaption><\/figcaption>\n\n                        <\/figure>\n\n                    <\/div>\n\n                \n                    <div class='oxy-gallery-item'>\n\n                        <figure class='oxy-gallery-item-contents'>\n\n                            <img decoding=\"async\" loading=\"lazy\" src=\"https:\/\/clinicaltrialeducation.com\/wp-content\/uploads\/2024\/03\/closeup-doctor-woman-hands-analyzing-microbiology-disease-test-results-scaled.jpg\" data-original-src=\"https:\/\/clinicaltrialeducation.com\/wp-content\/uploads\/2024\/03\/closeup-doctor-woman-hands-analyzing-microbiology-disease-test-results-scaled.jpg\" data-original-src-width=\"1707\" data-original-src-height=\"2560\" alt=\"\">\n                            <figcaption><\/figcaption>\n\n                        <\/figure>\n\n                    <\/div>\n\n                \n                    <div class='oxy-gallery-item'>\n\n                        <figure class='oxy-gallery-item-contents'>\n\n                            <img decoding=\"async\" loading=\"lazy\" src=\"https:\/\/clinicaltrialeducation.com\/wp-content\/uploads\/2024\/04\/4_new.png\" data-original-src=\"https:\/\/clinicaltrialeducation.com\/wp-content\/uploads\/2024\/04\/4_new.png\" data-original-src-width=\"1024\" data-original-src-height=\"922\" alt=\"\">\n                            <figcaption><\/figcaption>\n\n                        <\/figure>\n\n                    <\/div>\n\n                \n                <\/div>\n        <\/div><div id=\"div_block-51-13\" class=\"ct-div-block home-about__columns-txt\" ><h2 id=\"headline-53-13\" class=\"ct-headline heading-h2\">Los excelentes resultados de salud vienen junto\ncon una excelente comunicaci\u00f3n\n<\/h2><div id=\"text_block-54-13\" class=\"ct-text-block paragraph\" >Creada para empoderar a los profesionales de la\nsalud y a los pacientes, Precare es una\nplataforma digital que proporciona canales de\ncomunicaci\u00f3n y recursos digitales en tiempo\nreal. Con un enfoque centrado en el paciente,\nnuestro objetivo es involucrar activamente a los\npacientes y abordar sus inquietudes con\nprontitud mediante el uso de tecnolog\u00edas de\nvanguardia.\n\n<\/div><\/div><\/div><\/div><\/section>","protected":false},"excerpt":{"rendered":"","protected":false},"author":1,"featured_media":0,"parent":0,"menu_order":0,"comment_status":"closed","ping_status":"closed","template":"","meta":{"_acf_changed":false,"footnotes":""},"class_list":["post-13","page","type-page","status-publish","hentry"],"acf":[],"_links":{"self":[{"href":"https:\/\/clinicaltrialeducation.com\/es\/wp-json\/wp\/v2\/pages\/13","targetHints":{"allow":["GET"]}}],"collection":[{"href":"https:\/\/clinicaltrialeducation.com\/es\/wp-json\/wp\/v2\/pages"}],"about":[{"href":"https:\/\/clinicaltrialeducation.com\/es\/wp-json\/wp\/v2\/types\/page"}],"author":[{"embeddable":true,"href":"https:\/\/clinicaltrialeducation.com\/es\/wp-json\/wp\/v2\/users\/1"}],"replies":[{"embeddable":true,"href":"https:\/\/clinicaltrialeducation.com\/es\/wp-json\/wp\/v2\/comments?post=13"}],"version-history":[{"count":158,"href":"https:\/\/clinicaltrialeducation.com\/es\/wp-json\/wp\/v2\/pages\/13\/revisions"}],"predecessor-version":[{"id":765,"href":"https:\/\/clinicaltrialeducation.com\/es\/wp-json\/wp\/v2\/pages\/13\/revisions\/765"}],"wp:attachment":[{"href":"https:\/\/clinicaltrialeducation.com\/es\/wp-json\/wp\/v2\/media?parent=13"}],"curies":[{"name":"wp","href":"https:\/\/api.w.org\/{rel}","templated":true}]}}